{"id":1027,"date":"2018-10-12T21:53:59","date_gmt":"2018-10-12T19:53:59","guid":{"rendered":"https:\/\/lebenshilfe-viernheim.de\/lhv\/?page_id=1027"},"modified":"2018-11-27T14:33:39","modified_gmt":"2018-11-27T13:33:39","slug":"50-jahre-lebenshilfe-viernheim-2","status":"publish","type":"page","link":"https:\/\/lebenshilfe-viernheim.de\/lhv\/50-jahre-lebenshilfe-viernheim-2\/","title":{"rendered":"50 Jahre Festakt"},"content":{"rendered":"\r\n<p><span style=\"color: #0000ff; font-size: 18pt;\"><strong>50 Jahre Lebenshilfe Viernheim<\/strong><\/span><\/p>\r\n<p><strong>Einladung zum Festakt am Samstag, 24. November 2018<\/strong> <br \/>Beginn 11:00 Uhr \/ Alte TSV-Halle, Lorscher Str. 84, Viernheim<\/p>\r\n<p>In diesem Jahr begeht die Lebenshilfe Viernheim ihr 50j\u00e4hriges Vereinsjubil\u00e4um, diesen Ehrentag m\u00f6chten wir mit einem Festakt entsprechend w\u00fcrdigen. Herr B\u00fcrgermeister Matthias Baa\u00df wird die Festrede halten, anschlie\u00dfend folgen weitere Gru\u00dfworte. Hierzu laden wir Sie recht herzlich ein.<\/p>\r\n<p>Der Festakt findet am Samstag, 24.11.2018 in der alten TSV-Halle, Lorscher Str. 84, <br \/>68519 Viernheim statt. Beginn der Veranstaltung um 11.00 Uhr <br \/>( Dauer: ca. 2 Std., mit anschlie\u00dfendem Umtrunk und Imbiss)<\/p>\r\n<p>Anmeldungen erforderlich<\/p>\r\n<p>email: <span style=\"color: #0000ff;\">Lebenshilfe-Viernheim@t-online-de<\/span><\/p>\r\n<p>&nbsp;<\/p>\r\n<p><\/p>","protected":false},"excerpt":{"rendered":"<p>50 Jahre Lebenshilfe Viernheim Einladung zum Festakt am Samstag, 24. November 2018 Beginn 11:00 Uhr \/ Alte TSV-Halle, Lorscher Str. 84, Viernheim In diesem Jahr begeht die Lebenshilfe Viernheim ihr 50j\u00e4hriges Vereinsjubil\u00e4um, diesen Ehrentag m\u00f6chten wir mit einem Festakt entsprechend w\u00fcrdigen. Herr B\u00fcrgermeister Matthias Baa\u00df wird die Festrede halten, anschlie\u00dfend<\/p>\n","protected":false},"author":4,"featured_media":0,"parent":0,"menu_order":0,"comment_status":"closed","ping_status":"closed","template":"","meta":{"jetpack_post_was_ever_published":false,"_mc_calendar":[],"footnotes":""},"class_list":["post-1027","page","type-page","status-publish","hentry"],"jetpack_sharing_enabled":true,"jetpack_shortlink":"https:\/\/wp.me\/P9gujT-gz","jetpack_likes_enabled":true,"jetpack-related-posts":[],"_links":{"self":[{"href":"https:\/\/lebenshilfe-viernheim.de\/lhv\/wp-json\/wp\/v2\/pages\/1027"}],"collection":[{"href":"https:\/\/lebenshilfe-viernheim.de\/lhv\/wp-json\/wp\/v2\/pages"}],"about":[{"href":"https:\/\/lebenshilfe-viernheim.de\/lhv\/wp-json\/wp\/v2\/types\/page"}],"author":[{"embeddable":true,"href":"https:\/\/lebenshilfe-viernheim.de\/lhv\/wp-json\/wp\/v2\/users\/4"}],"replies":[{"embeddable":true,"href":"https:\/\/lebenshilfe-viernheim.de\/lhv\/wp-json\/wp\/v2\/comments?post=1027"}],"version-history":[{"count":5,"href":"https:\/\/lebenshilfe-viernheim.de\/lhv\/wp-json\/wp\/v2\/pages\/1027\/revisions"}],"predecessor-version":[{"id":1107,"href":"https:\/\/lebenshilfe-viernheim.de\/lhv\/wp-json\/wp\/v2\/pages\/1027\/revisions\/1107"}],"wp:attachment":[{"href":"https:\/\/lebenshilfe-viernheim.de\/lhv\/wp-json\/wp\/v2\/media?parent=1027"}],"curies":[{"name":"wp","href":"https:\/\/api.w.org\/{rel}","templated":true}]}}