{"id":149,"date":"2017-10-20T16:01:48","date_gmt":"2017-10-20T16:01:48","guid":{"rendered":"http:\/\/lebenshilfe-viernheim.de\/lhv\/?page_id=149"},"modified":"2018-03-30T09:04:55","modified_gmt":"2018-03-30T09:04:55","slug":"johannes-schrey","status":"publish","type":"page","link":"https:\/\/lebenshilfe-viernheim.de\/lhv\/johannes-schrey\/","title":{"rendered":"Johannes Schrey"},"content":{"rendered":"<p>Johannes Schrey, Vorsitzender der Lebenshilfe Viernheim von 1986 bis zu seinem Tod am 18. M\u00e4rz 1997 Ideengeber und Initiator der Errichtung einer Wohnst\u00e4tte f\u00fcr behinderte Menschen in Viernheim. Ohne die Idee des leider viel zu fr\u00fch verstorbenen Johannes Schrey w\u00fcrde nicht das stehen, was wir als das &#8222;Kind der Lebenshilfe&#8220; bezeichnen: das Johannes-Schrey-Haus. Im unmittelbaren Freundes- und Verwandtenkreis der Familie Schrey wuchsen schwerstbehinderte Kinder heran. Durch diese pers\u00f6nlichen Kontakte sensibilisiert, wurde der 1925 geborene Johannes Schrey auf die Sorgen und N\u00f6te, vor allem aber auch auf die Bed\u00fcrfnisse von behinderten Menschen und deren Angeh\u00f6rigen aufmerksam, welche sich doch in vielen Punkten von denen nicht behinderter Menschen unterscheiden und deshalb oftmals gar nicht so stark ins allgemeine Bewusstsein gelangen.<\/p>\n<p>So fand er auch den Kontakt zur Lebenshilfe Viernheim im Jahre 1986 wurde Johannes Schrey zum Vorsitzenden gew\u00e4hlt. Bereits zu Beginn seiner Amtsperiode machte er sich Gedanken \u00fcber die Zukunft der betroffenen Kinder und hatte bereits ein Jahr sp\u00e4ter die Idee, in Viernheim eine Wohnst\u00e4tte f\u00fcr Menschen mit geistiger Behinderung zu errichten.<\/p>\n<p>Mit diesem Gedanken ging eran die \u00d6ffentlichkeit und fand regen Zuspruch, was Ihn in seinem Vorhaben nur noch best\u00e4rkte. Nachdem er anfangs noch in seinem Beruf als Diplomingenieur t\u00e4tig war, setzte er sich nach seiner Pensionierung im Jahre 1988 mit vollem Engagement und einem unerm\u00fcdlichen Einsatz f\u00fcr die Realisierung seiner Idee ein. Auch R\u00fcckschl\u00e4ge und Entt\u00e4uschungen konnten Ihn nicht von seinem Vorhaben abbringen. In all den Jahren hat er gek\u00e4mpft und erfolgreich f\u00fcr die Sache geworben.<\/p>\n<p>Leider war es Johannes Schrey nicht mehr verg\u00f6nnt, die Erf\u00fcllung seines Lebenstraumes selbst zu erleben. Er verstarb am 18. M\u00e4rz 1997. Doch seine Idee lebte weiter in den K\u00f6pfen des Vorstandes und der Mitglieder der Lebenshilfe Viernheim. Auch sie nahmen R\u00fcckschl\u00e4ge und Misserfolge in Kauf und k\u00e4mpften weiter, um das Erbe Schreys erfolgreich zu Ende zu bringen. Zur Erinnerung an sein Wirken und als ehrendes Andenken tr\u00e4gt das Haus seinen Namen: Johannes-Schrey-Haus.<br \/>\n1<\/p>\n","protected":false},"excerpt":{"rendered":"<p>Johannes Schrey, Vorsitzender der Lebenshilfe Viernheim von 1986 bis zu seinem Tod am 18. M\u00e4rz 1997 Ideengeber und Initiator der Errichtung einer Wohnst\u00e4tte f\u00fcr behinderte Menschen in Viernheim. Ohne die Idee des leider viel zu fr\u00fch verstorbenen Johannes Schrey w\u00fcrde nicht das stehen, was wir als das &#8222;Kind der Lebenshilfe&#8220;<\/p>\n","protected":false},"author":1,"featured_media":0,"parent":0,"menu_order":0,"comment_status":"closed","ping_status":"closed","template":"","meta":{"jetpack_post_was_ever_published":false,"_mc_calendar":[],"footnotes":""},"class_list":["post-149","page","type-page","status-publish","hentry"],"jetpack_sharing_enabled":true,"jetpack_shortlink":"https:\/\/wp.me\/P9gujT-2p","jetpack_likes_enabled":true,"jetpack-related-posts":[],"_links":{"self":[{"href":"https:\/\/lebenshilfe-viernheim.de\/lhv\/wp-json\/wp\/v2\/pages\/149"}],"collection":[{"href":"https:\/\/lebenshilfe-viernheim.de\/lhv\/wp-json\/wp\/v2\/pages"}],"about":[{"href":"https:\/\/lebenshilfe-viernheim.de\/lhv\/wp-json\/wp\/v2\/types\/page"}],"author":[{"embeddable":true,"href":"https:\/\/lebenshilfe-viernheim.de\/lhv\/wp-json\/wp\/v2\/users\/1"}],"replies":[{"embeddable":true,"href":"https:\/\/lebenshilfe-viernheim.de\/lhv\/wp-json\/wp\/v2\/comments?post=149"}],"version-history":[{"count":4,"href":"https:\/\/lebenshilfe-viernheim.de\/lhv\/wp-json\/wp\/v2\/pages\/149\/revisions"}],"predecessor-version":[{"id":251,"href":"https:\/\/lebenshilfe-viernheim.de\/lhv\/wp-json\/wp\/v2\/pages\/149\/revisions\/251"}],"wp:attachment":[{"href":"https:\/\/lebenshilfe-viernheim.de\/lhv\/wp-json\/wp\/v2\/media?parent=149"}],"curies":[{"name":"wp","href":"https:\/\/api.w.org\/{rel}","templated":true}]}}