{"id":15,"date":"2017-10-09T10:40:45","date_gmt":"2017-10-09T10:40:45","guid":{"rendered":"http:\/\/lebenshilfe-viernheim.de\/lhv\/?page_id=15"},"modified":"2018-03-30T09:11:49","modified_gmt":"2018-03-30T09:11:49","slug":"ueber-uns","status":"publish","type":"page","link":"https:\/\/lebenshilfe-viernheim.de\/lhv\/ueber-uns\/","title":{"rendered":"\u00dcber uns"},"content":{"rendered":"<p><strong><span style=\"font-family: tahoma,arial,helvetica,sans-serif;\">Wir stellen uns vor<\/span><\/strong><\/p>\n<p><span style=\"font-family: tahoma,arial,helvetica,sans-serif;\">Die Lebenshilfe Viernheim gibt es bereits seit 1968. Im November 1968 hatten betroffene Eltern und Angeh\u00f6rige geistig behinderter Kinder die Selbsthilfegruppe gegr\u00fcndet und waren dem Landesverband Hessen sowie der Bundesvereinigung Lebenshilfe f\u00fcr Menschen mit geistiger Behinderung beigetreten. Mittlerweile hat der Ortsverband ca. 90 Mitglieder, Familien, Einzelpersonen und F\u00f6rderer.<\/span><br \/>\n<span style=\"font-family: tahoma,arial,helvetica,sans-serif;\"> Viele Jahre hat die Ortsvereinigung ihre Priorit\u00e4ten auf die Errichtung einer Wohnst\u00e4tte f\u00fcr behinderte Menschen in Viernheim ausgelegt. Viel Eigenengagement und Spendenmittel aus der Bev\u00f6lkerung, von Freunden, G\u00f6nnern, Vereinen sowie eine au\u00dfergew\u00f6hnlich gro\u00dfz\u00fcgige Spende der H. W. <span style=\"font-size: 10pt;\">&amp;<\/span> J. Hector Stiftung haben es erm\u00f6glicht, dass der Bau des Wohnhauses realisiert werden konnte. Es tr\u00e4gt den Namen Johannes-Schrey-Haus.<br \/>\n<\/span><!--nextpage--><br \/>\n<span style=\"font-family: tahoma,arial,helvetica,sans-serif;\">Den wenigsten Viernheimern d\u00fcrfte entgangen sein, dass im Jahr 2001 am so genannten Birkenw\u00e4ldchen etwas entstanden ist, das f\u00fcr das Gemeinwohl der Stadt von gro\u00dfer Bedeutung ist &#8211; das Johannes-Schrey-Haus. Die Wohnst\u00e4tte f\u00fcr Menschen mit Behinderung in der Maria-Mandel-Stra\u00dfe ist nicht zu \u00fcbersehen.<\/span><br \/>\n<span style=\"font-family: tahoma,arial,helvetica,sans-serif;\"> Im November 2001 sind die ersten Bewohner eingezogen. Insgesamt 24 behinderte Menschen aus Viernheim und Umgebung haben dort ihr neues Zuhause. Die Lebenshilfe Viernheim ist ausschlie\u00dflich ehrenamtlich aktiv, die Leitung der Wohnst\u00e4tte obliegt dem Tr\u00e4ger Hephata Hessisches Diakoniezentrum e.V., Schwalmstadt-Treysa. Die Zusammenarbeit zwischen der Lebenshilfe Viernheim und Hephata ist in einem Kooperationsvertrag geregelt.<\/span><br \/>\n<span style=\"font-family: tahoma,arial,helvetica,sans-serif;\"> Ein weiterer wichtiger Bestandteil in der Arbeit der Lebenshilfe ist die Betreuung, Begleitung und Unterst\u00fctzung von behinderten Menschen sowie deren Eltern und Angeh\u00f6rigen. Dazu z\u00e4hlen neben einem regen Vereinsleben und vielen Freizeitaktivit\u00e4ten besonders auch Informationsveranstaltungen zu wichtigen und interessanten Themen.<\/span><br \/>\n<span style=\"font-family: tahoma,arial,helvetica,sans-serif;\"> Durch eine entsprechende \u00d6ffentlichkeitsarbeit und ein aktives Vereinsleben m\u00f6chten wir zu einem respektvollen Miteinander in der Gesellschaft beitragen. Hier gilt es Barrieren abzubauen und eventuell bestehenden Ber\u00fchrungs\u00e4ngsten entgegenzuwirken. Dies ist nicht zuletzt ein Grund f\u00fcr die hohe Akzeptanz in der Bev\u00f6lkerung, welche die Lebenshilfe in Viernheim genie\u00dft. Daher ist es uns sehr wichtig, dass wir uns ganz herzlich bei allen Menschen bedanken, die es uns erm\u00f6glicht haben, den Lebenstraum des ehemaligen Vorsitzenden Johannes Schrey in die Tat umzusetzen.<\/span><br \/>\n<span style=\"font-family: tahoma,arial,helvetica,sans-serif;\"> Auch nach dem Erreichen des gro\u00dfen Ziels bleibt der behinderte Mensch unser Auftraggeber. Daher setzt sich die Lebenshilfe Viernheim auch weiterhin f\u00fcr das Wohl geistig behinderter Menschen und ihrer Familien ein. Dies gilt sowohl f\u00fcr die Heimbewohner als auch f\u00fcr die behinderten Menschen, die Zuhause bei ihren Angeh\u00f6rigen leben.<\/span><br \/>\n<span style=\"font-family: tahoma,arial,helvetica,sans-serif;\"> Der Verein wird auch weiterhin auf Spendenmittel angewiesen sein, deshalb ben\u00f6tigen wir auch zuk\u00fcnftig die Unterst\u00fctzung unserer Mitb\u00fcrger.<\/span><\/p>\n","protected":false},"excerpt":{"rendered":"<p>Wir stellen uns vor Die Lebenshilfe Viernheim gibt es bereits seit 1968. Im November 1968 hatten betroffene Eltern und Angeh\u00f6rige geistig behinderter Kinder die Selbsthilfegruppe gegr\u00fcndet und waren dem Landesverband Hessen sowie der Bundesvereinigung Lebenshilfe f\u00fcr Menschen mit geistiger Behinderung beigetreten. Mittlerweile hat der Ortsverband ca. 90 Mitglieder, Familien, Einzelpersonen<\/p>\n","protected":false},"author":1,"featured_media":0,"parent":0,"menu_order":0,"comment_status":"closed","ping_status":"closed","template":"","meta":{"jetpack_post_was_ever_published":false,"_mc_calendar":[],"footnotes":""},"class_list":["post-15","page","type-page","status-publish","hentry"],"jetpack_sharing_enabled":true,"jetpack_shortlink":"https:\/\/wp.me\/P9gujT-f","jetpack_likes_enabled":true,"jetpack-related-posts":[],"_links":{"self":[{"href":"https:\/\/lebenshilfe-viernheim.de\/lhv\/wp-json\/wp\/v2\/pages\/15"}],"collection":[{"href":"https:\/\/lebenshilfe-viernheim.de\/lhv\/wp-json\/wp\/v2\/pages"}],"about":[{"href":"https:\/\/lebenshilfe-viernheim.de\/lhv\/wp-json\/wp\/v2\/types\/page"}],"author":[{"embeddable":true,"href":"https:\/\/lebenshilfe-viernheim.de\/lhv\/wp-json\/wp\/v2\/users\/1"}],"replies":[{"embeddable":true,"href":"https:\/\/lebenshilfe-viernheim.de\/lhv\/wp-json\/wp\/v2\/comments?post=15"}],"version-history":[{"count":25,"href":"https:\/\/lebenshilfe-viernheim.de\/lhv\/wp-json\/wp\/v2\/pages\/15\/revisions"}],"predecessor-version":[{"id":619,"href":"https:\/\/lebenshilfe-viernheim.de\/lhv\/wp-json\/wp\/v2\/pages\/15\/revisions\/619"}],"wp:attachment":[{"href":"https:\/\/lebenshilfe-viernheim.de\/lhv\/wp-json\/wp\/v2\/media?parent=15"}],"curies":[{"name":"wp","href":"https:\/\/api.w.org\/{rel}","templated":true}]}}