{"id":158,"date":"2017-10-20T16:01:48","date_gmt":"2017-10-20T16:01:48","guid":{"rendered":"http:\/\/lebenshilfe-viernheim.de\/lhv\/?page_id=158"},"modified":"2023-05-05T18:19:53","modified_gmt":"2023-05-05T16:19:53","slug":"regelmaessige-angebote-von-freizeit-und-sportaktivitaeten","status":"publish","type":"page","link":"https:\/\/lebenshilfe-viernheim.de\/lhv\/regelmaessige-angebote-von-freizeit-und-sportaktivitaeten\/","title":{"rendered":"Regelm\u00e4\u00dfige Angebote von Freizeit &#8211; und Sportaktivit\u00e4ten"},"content":{"rendered":"<p><span style=\"color: #0000ff;\"><strong>Unsere derzeitigen regelm\u00e4\u00dfige Angebote:<\/strong><\/span><\/p>\n<p>Musik-Singstunden<br \/>\nBowlingabende<\/p>\n<p>&nbsp;<\/p>\n","protected":false},"excerpt":{"rendered":"<p>Unsere derzeitigen regelm\u00e4\u00dfige Angebote: Musik-Singstunden Bowlingabende &nbsp;<\/p>\n","protected":false},"author":1,"featured_media":0,"parent":0,"menu_order":0,"comment_status":"closed","ping_status":"closed","template":"","meta":{"jetpack_post_was_ever_published":false,"_mc_calendar":[],"footnotes":""},"class_list":["post-158","page","type-page","status-publish","hentry"],"jetpack_sharing_enabled":true,"jetpack_shortlink":"https:\/\/wp.me\/P9gujT-2y","jetpack_likes_enabled":true,"jetpack-related-posts":[],"_links":{"self":[{"href":"https:\/\/lebenshilfe-viernheim.de\/lhv\/wp-json\/wp\/v2\/pages\/158"}],"collection":[{"href":"https:\/\/lebenshilfe-viernheim.de\/lhv\/wp-json\/wp\/v2\/pages"}],"about":[{"href":"https:\/\/lebenshilfe-viernheim.de\/lhv\/wp-json\/wp\/v2\/types\/page"}],"author":[{"embeddable":true,"href":"https:\/\/lebenshilfe-viernheim.de\/lhv\/wp-json\/wp\/v2\/users\/1"}],"replies":[{"embeddable":true,"href":"https:\/\/lebenshilfe-viernheim.de\/lhv\/wp-json\/wp\/v2\/comments?post=158"}],"version-history":[{"count":3,"href":"https:\/\/lebenshilfe-viernheim.de\/lhv\/wp-json\/wp\/v2\/pages\/158\/revisions"}],"predecessor-version":[{"id":2052,"href":"https:\/\/lebenshilfe-viernheim.de\/lhv\/wp-json\/wp\/v2\/pages\/158\/revisions\/2052"}],"wp:attachment":[{"href":"https:\/\/lebenshilfe-viernheim.de\/lhv\/wp-json\/wp\/v2\/media?parent=158"}],"curies":[{"name":"wp","href":"https:\/\/api.w.org\/{rel}","templated":true}]}}