{"id":162,"date":"2017-10-16T09:42:35","date_gmt":"2017-10-16T09:42:35","guid":{"rendered":"http:\/\/lebenshilfe-viernheim.de\/lhv\/?page_id=162"},"modified":"2019-03-28T17:16:25","modified_gmt":"2019-03-28T16:16:25","slug":"angebote-des-johannes-schrey-haus","status":"publish","type":"page","link":"https:\/\/lebenshilfe-viernheim.de\/lhv\/angebote-des-johannes-schrey-haus\/","title":{"rendered":"Angebote des Johannes-Schrey-Haus"},"content":{"rendered":"<p>Unser Kooperationspartner und Tr\u00e4ger des Johannes-Schrey-Haus<br \/>\nHephata sowie die das hessische Diakoniezentrum e.V. bietet folgende Unterst\u00fctzung f\u00fcr Menschen mit einer geistigen und mehrfachen Behinderung:<\/p>\n<p>Wohnangebote<br \/>\nStation\u00e4res Wohnen<br \/>\nBetreutes Wohnen<br \/>\nTagesst\u00e4tte und Kurzzeitpflege<\/p>\n<p>Hephata Diakonie im\u00a0 Johannes-Schrey-Haus<br \/>\n68519 Viernheim<br \/>\nMaria Mandelstra\u00dfe 2-4<br \/>\nTel. 06204 929370 \/ 929375<br \/>\nFax. 06204 929379<\/p>\n","protected":false},"excerpt":{"rendered":"<p>Unser Kooperationspartner und Tr\u00e4ger des Johannes-Schrey-Haus Hephata sowie die das hessische Diakoniezentrum e.V. bietet folgende Unterst\u00fctzung f\u00fcr Menschen mit einer geistigen und mehrfachen Behinderung: Wohnangebote Station\u00e4res Wohnen Betreutes Wohnen Tagesst\u00e4tte und Kurzzeitpflege Hephata Diakonie im\u00a0 Johannes-Schrey-Haus 68519 Viernheim Maria Mandelstra\u00dfe 2-4 Tel. 06204 929370 \/ 929375 Fax. 06204 929379<\/p>\n","protected":false},"author":1,"featured_media":0,"parent":0,"menu_order":0,"comment_status":"closed","ping_status":"closed","template":"","meta":{"jetpack_post_was_ever_published":false,"_mc_calendar":[],"footnotes":""},"class_list":["post-162","page","type-page","status-publish","hentry"],"jetpack_sharing_enabled":true,"jetpack_shortlink":"https:\/\/wp.me\/P9gujT-2C","jetpack_likes_enabled":true,"jetpack-related-posts":[],"_links":{"self":[{"href":"https:\/\/lebenshilfe-viernheim.de\/lhv\/wp-json\/wp\/v2\/pages\/162"}],"collection":[{"href":"https:\/\/lebenshilfe-viernheim.de\/lhv\/wp-json\/wp\/v2\/pages"}],"about":[{"href":"https:\/\/lebenshilfe-viernheim.de\/lhv\/wp-json\/wp\/v2\/types\/page"}],"author":[{"embeddable":true,"href":"https:\/\/lebenshilfe-viernheim.de\/lhv\/wp-json\/wp\/v2\/users\/1"}],"replies":[{"embeddable":true,"href":"https:\/\/lebenshilfe-viernheim.de\/lhv\/wp-json\/wp\/v2\/comments?post=162"}],"version-history":[{"count":5,"href":"https:\/\/lebenshilfe-viernheim.de\/lhv\/wp-json\/wp\/v2\/pages\/162\/revisions"}],"predecessor-version":[{"id":1268,"href":"https:\/\/lebenshilfe-viernheim.de\/lhv\/wp-json\/wp\/v2\/pages\/162\/revisions\/1268"}],"wp:attachment":[{"href":"https:\/\/lebenshilfe-viernheim.de\/lhv\/wp-json\/wp\/v2\/media?parent=162"}],"curies":[{"name":"wp","href":"https:\/\/api.w.org\/{rel}","templated":true}]}}