{"id":169,"date":"2017-10-16T09:51:25","date_gmt":"2017-10-16T09:51:25","guid":{"rendered":"http:\/\/lebenshilfe-viernheim.de\/lhv\/?page_id=169"},"modified":"2023-07-19T17:02:02","modified_gmt":"2023-07-19T15:02:02","slug":"willkommen-auf-unserer-webseite-der-lebenshilfe-viernheim","status":"publish","type":"page","link":"https:\/\/lebenshilfe-viernheim.de\/lhv\/","title":{"rendered":"Willkommen auf unserer Webseite der Lebenshilfe Viernheim"},"content":{"rendered":"<p><strong>Liebe Besucher unserer Internetseiten!<\/strong><br \/>\nWir begr\u00fc\u00dfen Sie herzlichst auf unserer Homepage und freuen uns, dass Sie Interesse an unserer Lebenshilfe Viernheim haben. Gerne informieren wir Sie \u00fcber die ehrenamtliche Arbeit in unserem Verein sowie \u00fcber unsere Ziele, Aufgaben und Angebote.<\/p>\n<p>Vielleicht m\u00f6chten Sie auch ehrenamtlich aktiv sein und w\u00fcrden uns gerne bei unserer Vereinsarbeit unterst\u00fctzen. Gerne begr\u00fc\u00dfen wir Sie als Freund und F\u00f6rderer der Lebenshilfe f\u00fcr Menschen mit geistiger Behinderung der Ortsvereinigung Viernheim e.V.<\/p>\n<p>Die Lebenshilfe Viernheim ist ein gemeinn\u00fctziger Verein und engagiert sich seit seiner Gr\u00fcndung f\u00fcr Menschen mit geistiger Behinderung und ihren Angeh\u00f6rigen. Im Dezember 1968 haben betroffene Eltern und Angeh\u00f6rige die Selbsthilfeorganisation gegr\u00fcndet. Der Verein ist Mitglied im Landesverband Lebenshilfe Hessen und in der Bundesvereinigung Lebenshilfe f\u00fcr Menschen mit geistiger Behinderung e.V. sowie bei der Behindertenhilfe Bergstra\u00dfe.<\/p>\n<p>Bleiben Sie gesund!<br \/>\nRobert Miltner, 1. Vorsitzender<\/p>\n","protected":false},"excerpt":{"rendered":"<p>Liebe Besucher unserer Internetseiten! Wir begr\u00fc\u00dfen Sie herzlichst auf unserer Homepage und freuen uns, dass Sie Interesse an unserer Lebenshilfe Viernheim haben. Gerne informieren wir Sie \u00fcber die ehrenamtliche Arbeit in unserem Verein sowie \u00fcber unsere Ziele, Aufgaben und Angebote. Vielleicht m\u00f6chten Sie auch ehrenamtlich aktiv sein und w\u00fcrden uns<\/p>\n","protected":false},"author":1,"featured_media":0,"parent":0,"menu_order":0,"comment_status":"closed","ping_status":"closed","template":"","meta":{"jetpack_post_was_ever_published":false,"_mc_calendar":[],"footnotes":""},"class_list":["post-169","page","type-page","status-publish","hentry"],"jetpack_sharing_enabled":true,"jetpack_shortlink":"https:\/\/wp.me\/P9gujT-2J","jetpack_likes_enabled":true,"jetpack-related-posts":[],"_links":{"self":[{"href":"https:\/\/lebenshilfe-viernheim.de\/lhv\/wp-json\/wp\/v2\/pages\/169"}],"collection":[{"href":"https:\/\/lebenshilfe-viernheim.de\/lhv\/wp-json\/wp\/v2\/pages"}],"about":[{"href":"https:\/\/lebenshilfe-viernheim.de\/lhv\/wp-json\/wp\/v2\/types\/page"}],"author":[{"embeddable":true,"href":"https:\/\/lebenshilfe-viernheim.de\/lhv\/wp-json\/wp\/v2\/users\/1"}],"replies":[{"embeddable":true,"href":"https:\/\/lebenshilfe-viernheim.de\/lhv\/wp-json\/wp\/v2\/comments?post=169"}],"version-history":[{"count":15,"href":"https:\/\/lebenshilfe-viernheim.de\/lhv\/wp-json\/wp\/v2\/pages\/169\/revisions"}],"predecessor-version":[{"id":2162,"href":"https:\/\/lebenshilfe-viernheim.de\/lhv\/wp-json\/wp\/v2\/pages\/169\/revisions\/2162"}],"wp:attachment":[{"href":"https:\/\/lebenshilfe-viernheim.de\/lhv\/wp-json\/wp\/v2\/media?parent=169"}],"curies":[{"name":"wp","href":"https:\/\/api.w.org\/{rel}","templated":true}]}}