{"id":174,"date":"2017-10-20T16:01:48","date_gmt":"2017-10-20T16:01:48","guid":{"rendered":"http:\/\/lebenshilfe-viernheim.de\/lhv\/?page_id=174"},"modified":"2017-10-20T16:01:48","modified_gmt":"2017-10-20T16:01:48","slug":"ziele-der-lebenshilfe-viernheim","status":"publish","type":"page","link":"https:\/\/lebenshilfe-viernheim.de\/lhv\/ziele-der-lebenshilfe-viernheim\/","title":{"rendered":"Ziele der Lebenshilfe Viernheim"},"content":{"rendered":"<p>Ziel der Lebenshilfe Viernheim ist die Teilhabe von Menschen mit einer geistigen Behinderung und ihrer Familien in unserer Gesellschaft. Daf\u00fcr setzen wir uns ein: Jeder Mensch mit geistiger Behinderung soll so selbstst\u00e4ndig wie m\u00f6glich leben k\u00f6nnen. Ihm soll soviel Schutz und Hilfe zuteil werden, wie er f\u00fcr sich braucht. Ma\u00dfgebend sind seine individuelle Pers\u00f6nlichkeit und seine Bed\u00fcrfnisse.<\/p>\n<p>F\u00fcr Menschen mit geistiger Behinderung gelten die Menschenrechte wie f\u00fcr nichtbehinderte Menschen, auch sie stehen unter dem Schutz des Grundgesetzes. Menschen mit schweren geistigen Behinderungen stehen unter dem besonderen Schutz der Lebenshilfe.<\/p>\n<p>Die Lebenshilfe Viernheim will Menschen mit geistiger Behinderung und ihren Angeh\u00f6rigen lebenslang und umfassend unterst\u00fctzen um deren Lebensqualit\u00e4t zu sichern. Die Lebenshilfe Viernheim will deshalb helfen, f\u00fcr Menschen mit geistiger Behinderung aller Altersstufen und f\u00fcr ihre Familien die Lebensbedingungen weiter zu verbessern sowie die Integration in die Gesellschaft zu f\u00f6rdern.<\/p>\n<p>In der Bundesrepublik Deutschland wurde die Lebenshilfe f\u00fcr Menschen mit geistiger Behinderung 1958 als Selbsthilfeverein von betroffenen Eltern, Angeh\u00f6rigen und Fachleuten in Marburg gegr\u00fcndet. Sie hat heute mehr als 130.000 Mitglieder und betreut \u00fcber 150.000 Menschen mit Behinderung.<\/p>\n","protected":false},"excerpt":{"rendered":"<p>Ziel der Lebenshilfe Viernheim ist die Teilhabe von Menschen mit einer geistigen Behinderung und ihrer Familien in unserer Gesellschaft. Daf\u00fcr setzen wir uns ein: Jeder Mensch mit geistiger Behinderung soll so selbstst\u00e4ndig wie m\u00f6glich leben k\u00f6nnen. Ihm soll soviel Schutz und Hilfe zuteil werden, wie er f\u00fcr sich braucht. Ma\u00dfgebend<\/p>\n","protected":false},"author":1,"featured_media":0,"parent":0,"menu_order":0,"comment_status":"closed","ping_status":"closed","template":"","meta":{"jetpack_post_was_ever_published":false,"_mc_calendar":[],"footnotes":""},"class_list":["post-174","page","type-page","status-publish","hentry"],"jetpack_sharing_enabled":true,"jetpack_shortlink":"https:\/\/wp.me\/P9gujT-2O","jetpack_likes_enabled":true,"jetpack-related-posts":[],"_links":{"self":[{"href":"https:\/\/lebenshilfe-viernheim.de\/lhv\/wp-json\/wp\/v2\/pages\/174"}],"collection":[{"href":"https:\/\/lebenshilfe-viernheim.de\/lhv\/wp-json\/wp\/v2\/pages"}],"about":[{"href":"https:\/\/lebenshilfe-viernheim.de\/lhv\/wp-json\/wp\/v2\/types\/page"}],"author":[{"embeddable":true,"href":"https:\/\/lebenshilfe-viernheim.de\/lhv\/wp-json\/wp\/v2\/users\/1"}],"replies":[{"embeddable":true,"href":"https:\/\/lebenshilfe-viernheim.de\/lhv\/wp-json\/wp\/v2\/comments?post=174"}],"version-history":[{"count":1,"href":"https:\/\/lebenshilfe-viernheim.de\/lhv\/wp-json\/wp\/v2\/pages\/174\/revisions"}],"predecessor-version":[{"id":175,"href":"https:\/\/lebenshilfe-viernheim.de\/lhv\/wp-json\/wp\/v2\/pages\/174\/revisions\/175"}],"wp:attachment":[{"href":"https:\/\/lebenshilfe-viernheim.de\/lhv\/wp-json\/wp\/v2\/media?parent=174"}],"curies":[{"name":"wp","href":"https:\/\/api.w.org\/{rel}","templated":true}]}}