{"id":189,"date":"2017-10-16T10:15:01","date_gmt":"2017-10-16T10:15:01","guid":{"rendered":"http:\/\/lebenshilfe-viernheim.de\/lhv\/?page_id=189"},"modified":"2018-03-30T09:15:05","modified_gmt":"2018-03-30T09:15:05","slug":"traeger-des-johannes-schrey-haus","status":"publish","type":"page","link":"https:\/\/lebenshilfe-viernheim.de\/lhv\/traeger-des-johannes-schrey-haus\/","title":{"rendered":"Tr\u00e4ger des Johannes-Schrey-Haus"},"content":{"rendered":"<p>Mit &#8222;Hephata&#8220; &#8211; Hessisches Diakoniezentrum e.V. mit Hauptsitz in Schwalmstadt-Treysa hat die Lebenshilfe Viernheim einen kompetenten und erfahrenen Tr\u00e4ger f\u00fcr das Johannes-Schrey-Haus gefunden.<\/p>\n<p>Im September 1999 wurde ein Kooperationsvertrag zwischen &#8222;Hephata&#8220; und der Lebenshilfe Viernheim unterzeichnet und bereits am 27.10.1999 der Bauantrag gestellt. Mit der Einweihung im November 2001 erfolgte die \u00dcbergabe an &#8222;Hephata&#8220;. Im November 2001 sind die ersten Bewohner in das Johannes-Schrey-Haus eingezogen. In all diesen Jahren hat sich das Johannes-Schrey-Haus durch viele positive Weiterentwicklungen sowohl in Wohn und Lebensqualit\u00e4t, Angebote, Betreuung und vieles mehr zu einer lebens- und liebenswerten Wohnst\u00e4tte f\u00fcr die Bewohner gemacht.<\/p>\n<p>Das Haus und die Bewohner haben in Viernheim einen festen Platz in der Gesellschaft und sind bestens integriert. Die Lebenshilfe Viernheim kann auf eine positive, konstruktive und offene Zusammenarbeit mit dem Kooperationspartner &#8222;Hephata&#8220; zur\u00fcckblicken. Die Lebenshilfe Viernheim wird auch weiterhin ein verl\u00e4sslicher Begleiter und engagierter Partner f\u00fcr das Johannes-Schrey-Haus sein, gleiches gilt aber auch insbesondere f\u00fcr alle betroffenen Menschen die noch Zuhause bei Ihren Angeh\u00f6rigen leben.<\/p>\n","protected":false},"excerpt":{"rendered":"<p>Mit &#8222;Hephata&#8220; &#8211; Hessisches Diakoniezentrum e.V. mit Hauptsitz in Schwalmstadt-Treysa hat die Lebenshilfe Viernheim einen kompetenten und erfahrenen Tr\u00e4ger f\u00fcr das Johannes-Schrey-Haus gefunden. Im September 1999 wurde ein Kooperationsvertrag zwischen &#8222;Hephata&#8220; und der Lebenshilfe Viernheim unterzeichnet und bereits am 27.10.1999 der Bauantrag gestellt. Mit der Einweihung im November 2001 erfolgte<\/p>\n","protected":false},"author":1,"featured_media":0,"parent":0,"menu_order":0,"comment_status":"closed","ping_status":"closed","template":"","meta":{"jetpack_post_was_ever_published":false,"_mc_calendar":[],"footnotes":""},"class_list":["post-189","page","type-page","status-publish","hentry"],"jetpack_sharing_enabled":true,"jetpack_shortlink":"https:\/\/wp.me\/P9gujT-33","jetpack_likes_enabled":true,"jetpack-related-posts":[],"_links":{"self":[{"href":"https:\/\/lebenshilfe-viernheim.de\/lhv\/wp-json\/wp\/v2\/pages\/189"}],"collection":[{"href":"https:\/\/lebenshilfe-viernheim.de\/lhv\/wp-json\/wp\/v2\/pages"}],"about":[{"href":"https:\/\/lebenshilfe-viernheim.de\/lhv\/wp-json\/wp\/v2\/types\/page"}],"author":[{"embeddable":true,"href":"https:\/\/lebenshilfe-viernheim.de\/lhv\/wp-json\/wp\/v2\/users\/1"}],"replies":[{"embeddable":true,"href":"https:\/\/lebenshilfe-viernheim.de\/lhv\/wp-json\/wp\/v2\/comments?post=189"}],"version-history":[{"count":5,"href":"https:\/\/lebenshilfe-viernheim.de\/lhv\/wp-json\/wp\/v2\/pages\/189\/revisions"}],"predecessor-version":[{"id":621,"href":"https:\/\/lebenshilfe-viernheim.de\/lhv\/wp-json\/wp\/v2\/pages\/189\/revisions\/621"}],"wp:attachment":[{"href":"https:\/\/lebenshilfe-viernheim.de\/lhv\/wp-json\/wp\/v2\/media?parent=189"}],"curies":[{"name":"wp","href":"https:\/\/api.w.org\/{rel}","templated":true}]}}