{"id":196,"date":"2017-10-20T16:01:48","date_gmt":"2017-10-20T16:01:48","guid":{"rendered":"http:\/\/lebenshilfe-viernheim.de\/lhv\/?page_id=196"},"modified":"2018-03-30T09:31:39","modified_gmt":"2018-03-30T09:31:39","slug":"h-w-j-hector-stiftung","status":"publish","type":"page","link":"https:\/\/lebenshilfe-viernheim.de\/lhv\/h-w-j-hector-stiftung\/","title":{"rendered":"H.W. &#038; J. Hector Stiftung"},"content":{"rendered":"<p><strong>Die Lebenshilfe Viernheim sagt DANKE !<\/strong><\/p>\n<p>Gro\u00dfz\u00fcgige Unterst\u00fctzung durch die H. W. <span style=\"font-size: 10pt;\">&amp;<\/span> J. Hector Stiftung zu Weinheim. Im Jahr 1997 hat der Verein Lebenshilfe f\u00fcr Menschen mit geistiger Behinderung, Ortsvereinigung Viernheim intensiv damit begonnen, sich um ein Wohnheim f\u00fcr geistig und mehrfach behinderte Menschen zu bem\u00fchen.<\/p>\n<p>Hintergrund der \u00dcberlegungen war die Erkenntnis, dass in vielen Familien, behinderte Menschen intensiv von den Angeh\u00f6rigen gepflegt werden. Die Eltern selbst zu alt und gebrechlich werden, um ihre Kinder weiterhin im notwendigen Umfang zu pflegen. Die Stiftung hat durch Zufall davon erfahren und beschlossen zu helfen: In der Sitzung vom 26.11.1997 hat das Kuratorium nach intensiven Beratungen beschlossen, einen erheblichen finanziellen Beitrag zur Errichtung eines solchen Hauses freizugeben.<\/p>\n<p>Der Verein Lebenshilfe Viernheim e.V. konnte ein Grundst\u00fcck zur Verf\u00fcgung stellen. Zur sp\u00e4teren Bewirtschaftung als Tr\u00e4gergesellschaft konnte das hessische Diakonie-Zentrum-Hephata gewonnen werden. Der Landeswohlfahrtsverband Hessen hat der Errichtung und dem Betrieb eines Wohnheims f\u00fcr Behinderte mit 24 Pl\u00e4tzen und weiteren 6 Pl\u00e4tzen f\u00fcr betreutes Wohnen unter der Tr\u00e4gerschaft Hephata am 28.5.1998 zugestimmt.<\/p>\n<p>Im Juli 1998 wurde das Grundst\u00fcck von der Lebenshilfe Viernheim auf Hephata \u00fcbertragen. Damit konnten auch im Juli 1998 die Planungen beginnen. Diese zogen sich, wegen mehrerer architektonischer \u00c4nderungen bis Anfang 2000 hin.<\/p>\n<p>Am 30.3.2000 gab es noch keine Baugenehmigung. Nach letzten Planungs\u00e4nderungen im Dezember 1999 stand nun aber der endg\u00fcltigen Baugenehmigung nichts mehr im Wege.<\/p>\n<p>Am 20. Oktober 2000 war das Bauhauptwerk erstellt und der Zimmermann hat mit seinem Gewerk begonnen.<\/p>\n<p>Am Freitag den 17.11.2000 wurde Grundsteinlegung und Richtfest gefeiert. Die Wohnst\u00e4tte erhielt den Namen Johannes-Schrey-Haus. Dies zur Erinnerung an den langj\u00e4hrigen Vorsitzenden der Lebenshilfe Viernheim, der mit all seiner Kraft die Errichtung eines Wohnheims f\u00fcr Behinderte in Viernheim vorangetrieben hat, dann aber leider am 18.3.1997 verstarb.<\/p>\n","protected":false},"excerpt":{"rendered":"<p>Die Lebenshilfe Viernheim sagt DANKE ! Gro\u00dfz\u00fcgige Unterst\u00fctzung durch die H. W. &amp; J. Hector Stiftung zu Weinheim. Im Jahr 1997 hat der Verein Lebenshilfe f\u00fcr Menschen mit geistiger Behinderung, Ortsvereinigung Viernheim intensiv damit begonnen, sich um ein Wohnheim f\u00fcr geistig und mehrfach behinderte Menschen zu bem\u00fchen. Hintergrund der \u00dcberlegungen<\/p>\n","protected":false},"author":1,"featured_media":0,"parent":0,"menu_order":0,"comment_status":"closed","ping_status":"closed","template":"","meta":{"jetpack_post_was_ever_published":false,"_mc_calendar":[],"footnotes":""},"class_list":["post-196","page","type-page","status-publish","hentry"],"jetpack_sharing_enabled":true,"jetpack_shortlink":"https:\/\/wp.me\/P9gujT-3a","jetpack_likes_enabled":true,"jetpack-related-posts":[],"_links":{"self":[{"href":"https:\/\/lebenshilfe-viernheim.de\/lhv\/wp-json\/wp\/v2\/pages\/196"}],"collection":[{"href":"https:\/\/lebenshilfe-viernheim.de\/lhv\/wp-json\/wp\/v2\/pages"}],"about":[{"href":"https:\/\/lebenshilfe-viernheim.de\/lhv\/wp-json\/wp\/v2\/types\/page"}],"author":[{"embeddable":true,"href":"https:\/\/lebenshilfe-viernheim.de\/lhv\/wp-json\/wp\/v2\/users\/1"}],"replies":[{"embeddable":true,"href":"https:\/\/lebenshilfe-viernheim.de\/lhv\/wp-json\/wp\/v2\/comments?post=196"}],"version-history":[{"count":4,"href":"https:\/\/lebenshilfe-viernheim.de\/lhv\/wp-json\/wp\/v2\/pages\/196\/revisions"}],"predecessor-version":[{"id":614,"href":"https:\/\/lebenshilfe-viernheim.de\/lhv\/wp-json\/wp\/v2\/pages\/196\/revisions\/614"}],"wp:attachment":[{"href":"https:\/\/lebenshilfe-viernheim.de\/lhv\/wp-json\/wp\/v2\/media?parent=196"}],"curies":[{"name":"wp","href":"https:\/\/api.w.org\/{rel}","templated":true}]}}