{"id":21,"date":"2017-10-09T11:10:50","date_gmt":"2017-10-09T11:10:50","guid":{"rendered":"http:\/\/lebenshilfe-viernheim.de\/lhv\/?page_id=21"},"modified":"2023-05-05T18:21:19","modified_gmt":"2023-05-05T16:21:19","slug":"unsere-aktivitaeten","status":"publish","type":"page","link":"https:\/\/lebenshilfe-viernheim.de\/lhv\/unsere-aktivitaeten\/","title":{"rendered":"Unsere Aktivit\u00e4ten"},"content":{"rendered":"<p><span style=\"font-family: tahoma,arial,helvetica,sans-serif;\"><strong>Was bieten wir:<\/strong><\/span><\/p>\n<p><span style=\"font-family: tahoma,arial,helvetica,sans-serif;\">Die Lebenshilfe vertritt die Rechte und Interessen geistig behinderter Menschen, ihrer Familien und Angeh\u00f6rigen. Wir bieten Beratung und Unterst\u00fctzung f\u00fcr betroffene Eltern. Dar\u00fcber hinaus m\u00f6chten wir durch eine entsprechende \u00d6ffentlichkeitsarbeit auf Verst\u00e4ndnis f\u00fcr die besonderen Probleme der Menschen mit Behinderungen hinweisen und dabei bestehende Ber\u00fchrungs\u00e4ngste und Vorurteile im Alltag abbauen.<br \/>\n<\/span><\/p>\n<p><span style=\"font-family: tahoma,arial,helvetica,sans-serif;\"><strong>Feste Bestandteile im Terminkalender:<\/strong><\/span><\/p>\n<p><span style=\"font-family: tahoma,arial,helvetica,sans-serif;\">Sommer- und Gartenfeste<\/span><br \/>\n<span style=\"font-family: tahoma,arial,helvetica,sans-serif;\"> Teilnahme beim Familiensporttag \/ Volkslauf<\/span><br \/>\n<span style=\"font-family: tahoma,arial,helvetica,sans-serif;\"> Jahresausflug, Ausfl\u00fcge in die Umgebung<\/span><br \/>\n<span style=\"font-family: tahoma,arial,helvetica,sans-serif;\"> Nikolausfeier<\/span><br \/>\n<span style=\"font-family: tahoma,arial,helvetica,sans-serif;\"> Theaterbesuche<\/span><br \/>\n<span style=\"font-family: tahoma,arial,helvetica,sans-serif;\"> Besuche von Sportveranstaltungen<\/span><br \/>\n<span style=\"font-family: tahoma,arial,helvetica,sans-serif;\"> Informationsveranstaltungen<!--more--><\/span><!--nextpage--><\/p>\n<p><span style=\"font-family: tahoma,arial,helvetica,sans-serif;\"><strong>Freizeitaktivit\u00e4ten im R\u00fcckblick<\/strong><\/span><\/p>\n<p><span style=\"font-family: tahoma,arial,helvetica,sans-serif;\">Reise nach Rovigo<\/span><br \/>\n<span style=\"font-family: tahoma,arial,helvetica,sans-serif;\"> Stippvisite im Fernseh-und Radiostudio<\/span><br \/>\n<span style=\"font-family: tahoma,arial,helvetica,sans-serif;\"> Hafenrundfahrt Mannheim<\/span><br \/>\n<span style=\"font-family: tahoma,arial,helvetica,sans-serif;\"> und vieles mehr&#8230;<\/span><\/p>\n<p><span style=\"font-family: tahoma,arial,helvetica,sans-serif;\"><strong>Regelm\u00e4\u00dfige Aktivit\u00e4ten<\/strong><\/span><\/p>\n<p><span style=\"font-family: tahoma,arial,helvetica,sans-serif;\">Minigolf (mehrmals im Sommer)<\/span><br \/>\n<span style=\"font-family: tahoma,arial,helvetica,sans-serif;\"> Musikkreis (w\u00f6chentlich)<\/span><br \/>\n<span style=\"font-family: tahoma,arial,helvetica,sans-serif;\">Bowling (monatlich)<\/span><\/p>\n<p><span style=\"font-family: tahoma,arial,helvetica,sans-serif;\"><strong>Freizeitaktivit\u00e4ten in der Zukunft<\/strong><\/span><\/p>\n<p><span style=\"font-family: tahoma,arial,helvetica,sans-serif;\">Unser Bestreben ist es, unser Freizeitangebot und unsere Aktivit\u00e4ten auch in der Zukunft zu erm\u00f6glichen und dabei auch kontinuierlich zu erweitern. Daher sind wir immer auf der Suche nach neuen Themenfeldern und geeigneten Angeboten. Anregungen sind jederzeit willkommen.<\/span><\/p>\n<p><span style=\"font-family: tahoma,arial,helvetica,sans-serif;\"><strong>Angebote in der Umgebung<\/strong><\/span><\/p>\n<p><span style=\"font-family: tahoma,arial,helvetica,sans-serif;\">Den behinderten Menschen aus Viernheim stehen alle F\u00f6rder- und Sondereinrichtungen in Weinheim, Ladenburg, Bensheim und Lorsch zur Verf\u00fcgung.<\/span><\/p>\n","protected":false},"excerpt":{"rendered":"<p>Was bieten wir: Die Lebenshilfe vertritt die Rechte und Interessen geistig behinderter Menschen, ihrer Familien und Angeh\u00f6rigen. Wir bieten Beratung und Unterst\u00fctzung f\u00fcr betroffene Eltern. Dar\u00fcber hinaus m\u00f6chten wir durch eine entsprechende \u00d6ffentlichkeitsarbeit auf Verst\u00e4ndnis f\u00fcr die besonderen Probleme der Menschen mit Behinderungen hinweisen und dabei bestehende Ber\u00fchrungs\u00e4ngste und Vorurteile<\/p>\n","protected":false},"author":1,"featured_media":0,"parent":0,"menu_order":0,"comment_status":"closed","ping_status":"closed","template":"","meta":{"jetpack_post_was_ever_published":false,"_mc_calendar":[],"footnotes":""},"class_list":["post-21","page","type-page","status-publish","hentry"],"jetpack_sharing_enabled":true,"jetpack_shortlink":"https:\/\/wp.me\/P9gujT-l","jetpack_likes_enabled":true,"jetpack-related-posts":[],"_links":{"self":[{"href":"https:\/\/lebenshilfe-viernheim.de\/lhv\/wp-json\/wp\/v2\/pages\/21"}],"collection":[{"href":"https:\/\/lebenshilfe-viernheim.de\/lhv\/wp-json\/wp\/v2\/pages"}],"about":[{"href":"https:\/\/lebenshilfe-viernheim.de\/lhv\/wp-json\/wp\/v2\/types\/page"}],"author":[{"embeddable":true,"href":"https:\/\/lebenshilfe-viernheim.de\/lhv\/wp-json\/wp\/v2\/users\/1"}],"replies":[{"embeddable":true,"href":"https:\/\/lebenshilfe-viernheim.de\/lhv\/wp-json\/wp\/v2\/comments?post=21"}],"version-history":[{"count":10,"href":"https:\/\/lebenshilfe-viernheim.de\/lhv\/wp-json\/wp\/v2\/pages\/21\/revisions"}],"predecessor-version":[{"id":2053,"href":"https:\/\/lebenshilfe-viernheim.de\/lhv\/wp-json\/wp\/v2\/pages\/21\/revisions\/2053"}],"wp:attachment":[{"href":"https:\/\/lebenshilfe-viernheim.de\/lhv\/wp-json\/wp\/v2\/media?parent=21"}],"curies":[{"name":"wp","href":"https:\/\/api.w.org\/{rel}","templated":true}]}}