{"id":32,"date":"2017-10-09T11:40:21","date_gmt":"2017-10-09T11:40:21","guid":{"rendered":"http:\/\/lebenshilfe-viernheim.de\/lhv\/?page_id=32"},"modified":"2017-10-09T17:02:12","modified_gmt":"2017-10-09T17:02:12","slug":"was-benoetigen-wir","status":"publish","type":"page","link":"https:\/\/lebenshilfe-viernheim.de\/lhv\/was-benoetigen-wir\/","title":{"rendered":"Was ben\u00f6tigen wir?"},"content":{"rendered":"<p><span style=\"color: #333333; font-family: helvetica,arial,sans-serif;\"><strong>Ihre Hilfe und Unterst\u00fctzung<\/strong><\/span><br \/>\n<span style=\"font-family: helvetica,arial,sans-serif;\"> Wie verbringen Sie ihre Freizeit? Mal ehrlich, wollten Sie sich nicht schon immer f\u00fcr Andere einsetzen, etwas f\u00fcr benachteiligte und behinderte Menschen tun, Ihre F\u00e4higkeiten und ihr soziales Engagement einbringen, spontane Freude und Dankbarkeit erleben, gemeinsam mit netten Menschen zusammenarbeiten und etwas bewegen ?<\/span><\/p>\n<p><span style=\"color: #333333; font-family: helvetica,arial,sans-serif;\"><strong>Unterst\u00fctzen Sie uns!<\/strong><\/span><br \/>\n<span style=\"font-family: helvetica,arial,sans-serif;\"> Wir sind dabei auf Freunde, F\u00f6rderer und Sponsoren angewiesen, die sich in besonderer Weise f\u00fcr Menschen mit schwerer und mehrfacher Behinderung einsetzen und ihnen ihre Solidarit\u00e4t zukommen lassen. F\u00fcr ein solches Engagement zum Wohle von Menschen mit Behinderung sind wir sehr dankbar.<\/span><br \/>\n<!--nextpage--><\/p>\n<p><span style=\"color: #333333; font-family: helvetica,arial,sans-serif;\"><strong>Machen Sie mit!<\/strong><\/span><br \/>\n<span style=\"font-family: helvetica,arial,sans-serif;\"> Wenn Sie uns unterst\u00fctzen m\u00f6chten, dann bestehen viele M\u00f6glichkeiten der ehrenamtlichen T\u00e4tigkeit bei uns. Sie k\u00f6nnen sich einbringen, sich einmischen und sie k\u00f6nnen hier einen Teil Ihrer Lebenserf\u00fcllung finden.<\/span><br \/>\n<span style=\"font-family: helvetica,arial,sans-serif;\"> Wenn Ihnen die Lebenssituation der Menschen mit einer Behinderung am Herzen liegt, wenn Sie etwas bewegen m\u00f6chten und bereit sind, einige Stunden Ihrer Zeit einzubringen, dann sprechen Sie uns an, rufen Sie uns an oder schreiben Sie uns.<\/span><br \/>\n<span style=\"font-family: helvetica,arial,sans-serif;\"> Selbstverst\u00e4ndlich freuen wir uns besonders \u00fcber jedes neue Mitglied in unserer Lebenshilfe Viernheim e.V.<\/span><br \/>\n<span style=\"font-family: helvetica,arial,sans-serif;\"> Wir ben\u00f6tigen aktive Unterst\u00fctzung in vielf\u00e4ltiger Form, sprechen Sie mit uns&#8230;<\/span><\/p>\n<p><span style=\"color: #333333; font-family: helvetica,arial,sans-serif;\"><strong>Herzlich willkommen!<\/strong><\/span><\/p>\n","protected":false},"excerpt":{"rendered":"<p>Ihre Hilfe und Unterst\u00fctzung Wie verbringen Sie ihre Freizeit? Mal ehrlich, wollten Sie sich nicht schon immer f\u00fcr Andere einsetzen, etwas f\u00fcr benachteiligte und behinderte Menschen tun, Ihre F\u00e4higkeiten und ihr soziales Engagement einbringen, spontane Freude und Dankbarkeit erleben, gemeinsam mit netten Menschen zusammenarbeiten und etwas bewegen ? Unterst\u00fctzen Sie<\/p>\n","protected":false},"author":1,"featured_media":0,"parent":0,"menu_order":0,"comment_status":"closed","ping_status":"closed","template":"","meta":{"jetpack_post_was_ever_published":false,"_mc_calendar":[],"footnotes":""},"class_list":["post-32","page","type-page","status-publish","hentry"],"jetpack_sharing_enabled":true,"jetpack_shortlink":"https:\/\/wp.me\/P9gujT-w","jetpack_likes_enabled":true,"jetpack-related-posts":[],"_links":{"self":[{"href":"https:\/\/lebenshilfe-viernheim.de\/lhv\/wp-json\/wp\/v2\/pages\/32"}],"collection":[{"href":"https:\/\/lebenshilfe-viernheim.de\/lhv\/wp-json\/wp\/v2\/pages"}],"about":[{"href":"https:\/\/lebenshilfe-viernheim.de\/lhv\/wp-json\/wp\/v2\/types\/page"}],"author":[{"embeddable":true,"href":"https:\/\/lebenshilfe-viernheim.de\/lhv\/wp-json\/wp\/v2\/users\/1"}],"replies":[{"embeddable":true,"href":"https:\/\/lebenshilfe-viernheim.de\/lhv\/wp-json\/wp\/v2\/comments?post=32"}],"version-history":[{"count":11,"href":"https:\/\/lebenshilfe-viernheim.de\/lhv\/wp-json\/wp\/v2\/pages\/32\/revisions"}],"predecessor-version":[{"id":126,"href":"https:\/\/lebenshilfe-viernheim.de\/lhv\/wp-json\/wp\/v2\/pages\/32\/revisions\/126"}],"wp:attachment":[{"href":"https:\/\/lebenshilfe-viernheim.de\/lhv\/wp-json\/wp\/v2\/media?parent=32"}],"curies":[{"name":"wp","href":"https:\/\/api.w.org\/{rel}","templated":true}]}}