{"id":598,"date":"2018-03-30T08:37:14","date_gmt":"2018-03-30T08:37:14","guid":{"rendered":"http:\/\/lebenshilfe-viernheim.de\/lhv\/?page_id=598"},"modified":"2018-11-27T14:35:49","modified_gmt":"2018-11-27T13:35:49","slug":"50-jahre-jubilaeumsjahr-2018-vorschau-veranstaltungen-und-aktivitaeten","status":"publish","type":"page","link":"https:\/\/lebenshilfe-viernheim.de\/lhv\/50-jahre-jubilaeumsjahr-2018-vorschau-veranstaltungen-und-aktivitaeten\/","title":{"rendered":"50 Jahre &#8211; Jubil\u00e4umsjahr 2018  Veranstaltungen und Aktivit\u00e4ten"},"content":{"rendered":"<p><strong>chaiselongues \u201eWei\u00dfe Nacht\u201c<\/strong><br \/>\nDie Lebenshilfe Viernheim und chaiselongue l\u00e4dt in Kooperation mit den \u201eAmici d&#8217;Italia&#8220; zum Mahl mit Live-Musik.<br \/>\nGenie\u00dfen Sie ein au\u00dfergew\u00f6hnliches Mahl unter freiem Himmel. Wei\u00df gekleidet und gediegen speisen bei Kerzenschein, spontan Freunde treffen oder neue Bekanntschaften machen, Gespr\u00e4che f\u00fchren und Spa\u00df haben.<\/p>\n<p>Die G\u00e4ste m\u00fcssen sich allerdings an einige Spielregeln halten:<br \/>\n1. Wei\u00dfe Kleidung!<br \/>\n2. Speisen und Getr\u00e4nke bitte selbst mitbringen und edel pr\u00e4sentieren.<br \/>\n3. Jeder nimmt seine mitgebrachten Dinge und den produzierten M\u00fcll wieder mit nach Hause.<br \/>\n4. Man kann sowohl auf dem Boden sitzen (wei\u00dfe Decke !!) als auch auf St\u00fchlen und an wei\u00dfgedeckten Tischen (beides bitte selbst mitbringen).<br \/>\n5. Die &#8222;Schlecht-Wetter-Regel&#8220;: Bei Regen verschieben wir das Happening (s.o.). Bei anhaltend schlechtem Wetter muss die Veranstaltung leider ersatzlos ausfallen.<br \/>\n6. Die &#8222;Wei\u00dfe Nacht&#8220; ist eine nicht-kommerzielle Veranstaltung; d.h. es d\u00fcrfen keinerlei Werbema\u00dfnahmen, Produktplatzierungen, Promotion-Aktionen oder dergleichen stattfinden \u2013 au\u00dfer nat\u00fcrlich durch \u201echaiselongue&#8220;, Lebenshilfe Viernheim und die \u201eAmici d&#8217;Italia&#8220;<br \/>\nChaiselongue &gt; Seit 2016 ist chaiselongue &#8211; kunst und soziales ein eigenst\u00e4ndiger gemeinn\u00fctziger Verein, der Veranstaltungen unterschiedlicher Kunstrichtungen (Musik, Literatur, Kleinkunst, Kabarett, Schauspiel, bildende Kunst) an wechselnden Orten durchf\u00fchrt. chaiselongue &#8211; kunst und soziales bietet ein abwechslungsreiches, qualitativ hochwertiges Programm, bei dem auch junge und\/oder unbekannte K\u00fcnstlerInnen Auftrittsm\u00f6glichkeiten erhalten.<br \/>\n________________________________________<br \/>\nVeranstaltungstermine<br \/>\nTermin je nach Wetterlage:<br \/>\n10. August 2018<br \/>\nGarten, Johannes-Schrey-Haus, Maria-Mandel-Str. 2, 68519 Viernheim<br \/>\n11. August 2018<br \/>\nGarten, Johannes-Schrey-Haus, Maria-Mandel-Str. 2, 68519 Viernheim<br \/>\nBeginn: 20:00 Uhr<\/p>\n","protected":false},"excerpt":{"rendered":"<p>chaiselongues \u201eWei\u00dfe Nacht\u201c Die Lebenshilfe Viernheim und chaiselongue l\u00e4dt in Kooperation mit den \u201eAmici d&#8217;Italia&#8220; zum Mahl mit Live-Musik. Genie\u00dfen Sie ein au\u00dfergew\u00f6hnliches Mahl unter freiem Himmel. Wei\u00df gekleidet und gediegen speisen bei Kerzenschein, spontan Freunde treffen oder neue Bekanntschaften machen, Gespr\u00e4che f\u00fchren und Spa\u00df haben. Die G\u00e4ste m\u00fcssen sich<\/p>\n","protected":false},"author":4,"featured_media":0,"parent":0,"menu_order":1,"comment_status":"closed","ping_status":"closed","template":"","meta":{"jetpack_post_was_ever_published":false,"_mc_calendar":[],"footnotes":""},"class_list":["post-598","page","type-page","status-publish","hentry"],"jetpack_sharing_enabled":true,"jetpack_shortlink":"https:\/\/wp.me\/P9gujT-9E","jetpack_likes_enabled":true,"jetpack-related-posts":[],"_links":{"self":[{"href":"https:\/\/lebenshilfe-viernheim.de\/lhv\/wp-json\/wp\/v2\/pages\/598"}],"collection":[{"href":"https:\/\/lebenshilfe-viernheim.de\/lhv\/wp-json\/wp\/v2\/pages"}],"about":[{"href":"https:\/\/lebenshilfe-viernheim.de\/lhv\/wp-json\/wp\/v2\/types\/page"}],"author":[{"embeddable":true,"href":"https:\/\/lebenshilfe-viernheim.de\/lhv\/wp-json\/wp\/v2\/users\/4"}],"replies":[{"embeddable":true,"href":"https:\/\/lebenshilfe-viernheim.de\/lhv\/wp-json\/wp\/v2\/comments?post=598"}],"version-history":[{"count":3,"href":"https:\/\/lebenshilfe-viernheim.de\/lhv\/wp-json\/wp\/v2\/pages\/598\/revisions"}],"predecessor-version":[{"id":1108,"href":"https:\/\/lebenshilfe-viernheim.de\/lhv\/wp-json\/wp\/v2\/pages\/598\/revisions\/1108"}],"wp:attachment":[{"href":"https:\/\/lebenshilfe-viernheim.de\/lhv\/wp-json\/wp\/v2\/media?parent=598"}],"curies":[{"name":"wp","href":"https:\/\/api.w.org\/{rel}","templated":true}]}}